{"id":24,"date":"2019-09-24T13:17:35","date_gmt":"2019-09-24T13:17:35","guid":{"rendered":"https:\/\/sos-tout-debarras.fr\/?page_id=24"},"modified":"2022-07-11T12:57:00","modified_gmt":"2022-07-11T12:57:00","slug":"vide-appartement","status":"publish","type":"page","link":"https:\/\/sos-tout-debarras.fr\/index.php\/vide-appartement\/","title":{"rendered":"Vide Appartement"},"content":{"rendered":"<div id=\"pl-24\"  class=\"panel-layout\" ><div id=\"pg-24-0\"  class=\"panel-grid panel-has-style\" ><div class=\"siteorigin-panels-stretch panel-row-style panel-row-style-for-24-0\" data-stretch-type=\"full\" ><div id=\"pgc-24-0-0\"  class=\"panel-grid-cell\" ><div id=\"panel-24-0-0-0\" class=\"so-panel widget widget_sow-image panel-first-child panel-last-child\" data-index=\"0\" ><div\n\t\t\t\n\t\t\tclass=\"so-widget-sow-image so-widget-sow-image-default-4b231843ec72-24\"\n\t\t\t\n\t\t>\n\n<div class=\"sow-image-container\">\n\t\t<img decoding=\"async\" src=\"https:\/\/debarras-minute.com\/images\/debarras-maison-appartement.jpg\" title=\"Vide Appartement\" alt=\"\" loading=\"lazy\" \t\tclass=\"so-widget-image\"\/>\n\t<\/div>\n\n<\/div><\/div><\/div><div id=\"pgc-24-0-1\"  class=\"panel-grid-cell\" ><div id=\"panel-24-0-1-0\" class=\"so-panel widget widget_sow-editor panel-first-child\" data-index=\"1\" ><div\n\t\t\t\n\t\t\tclass=\"so-widget-sow-editor so-widget-sow-editor-base\"\n\t\t\t\n\t\t><h3 class=\"widget-title\">Vide Appartement<\/h3>\n<div class=\"siteorigin-widget-tinymce textwidget\">\n\t<h1><span style=\"color: #000000;\">Un appartement, un Studio ou un Loft \u00e0 d\u00e9sencombr\u00e9 ?<\/span><\/h1>\nVous venez d'acheter, de louer ou de vendre un appartement ?\nVous devez le vider avant une vente, ou pour faire des travaux ?\nVous souhaiter vous d\u00e9barrasser de vos anciens meuble avant de refaire la d\u00e9coration ?<\/div>\n<\/div><\/div><div id=\"panel-24-0-1-1\" class=\"so-panel widget widget_sow-button panel-last-child\" data-index=\"2\" ><div\n\t\t\t\n\t\t\tclass=\"so-widget-sow-button so-widget-sow-button-wire-30b3367ab913-24\"\n\t\t\t\n\t\t><div class=\"ow-button-base ow-button-align-left\">\n\t<a href=\"https:\/\/sos-tout-debarras.fr\/index.php\/contact\/\" class=\"ow-icon-placement-left ow-button-hover\" \t\t>\n\t\t<span>\n\t\t\t\n\t\t\tAppelez-Nous\t\t<\/span>\n\t<\/a>\n<\/div>\n<\/div><\/div><\/div><\/div><\/div><div id=\"pg-24-1\"  class=\"panel-grid panel-has-style\" ><div class=\"siteorigin-panels-stretch panel-row-style panel-row-style-for-24-1\" data-stretch-type=\"full\" ><div id=\"pgc-24-1-0\"  class=\"panel-grid-cell\" ><div id=\"panel-24-1-0-0\" class=\"so-panel widget widget_sow-editor panel-first-child\" data-index=\"3\" ><div\n\t\t\t\n\t\t\tclass=\"so-widget-sow-editor so-widget-sow-editor-base\"\n\t\t\t\n\t\t>\n<div class=\"siteorigin-widget-tinymce textwidget\">\n\t<h1><span style=\"color: #ffffff;\">Notre M\u00e9tier<\/span><\/h1>\n<span style=\"color: #ffffff;\">Nous d\u00e9barrassons vos :\n\u2013 Encombrants\n\u2013 Mobiliers usag\u00e9s\n\u2013 Mat\u00e9riel \u00e9lectrom\u00e9nager\/\u00e9lectronique obsol\u00e8te\n\u2013 D\u00e9chets divers.<\/span><\/div>\n<\/div><\/div><div id=\"panel-24-1-0-1\" class=\"so-panel widget widget_sow-button panel-last-child\" data-index=\"4\" ><div\n\t\t\t\n\t\t\tclass=\"so-widget-sow-button so-widget-sow-button-wire-9a17d38bd475-24\"\n\t\t\t\n\t\t><div class=\"ow-button-base ow-button-align-left\">\n\t<a href=\"https:\/\/sos-tout-debarras.fr\/index.php\/contact\/\" class=\"ow-icon-placement-left ow-button-hover\" \t\t>\n\t\t<span>\n\t\t\t\n\t\t\tContactez-Nous C'est Gratuit\t\t<\/span>\n\t<\/a>\n<\/div>\n<\/div><\/div><\/div><div id=\"pgc-24-1-1\"  class=\"panel-grid-cell\" ><div id=\"panel-24-1-1-0\" class=\"so-panel widget widget_sow-image panel-first-child panel-last-child\" data-index=\"5\" ><div\n\t\t\t\n\t\t\tclass=\"so-widget-sow-image so-widget-sow-image-default-d6014b76747a-24\"\n\t\t\t\n\t\t>\n\n<div class=\"sow-image-container\">\n\t\t<img decoding=\"async\" src=\"https:\/\/debarras-recyclage.fr\/wp-content\/uploads\/2018\/06\/service_1.jpg\" title=\"Vide Appartement\" alt=\"\" loading=\"lazy\" \t\tclass=\"so-widget-image\"\/>\n\t<\/div>\n\n<\/div><\/div><\/div><\/div><\/div><div id=\"pg-24-2\"  class=\"panel-grid panel-has-style\" ><div class=\"siteorigin-panels-stretch panel-row-style panel-row-style-for-24-2\" data-stretch-type=\"full\" ><div id=\"pgc-24-2-0\"  class=\"panel-grid-cell\" ><div id=\"panel-24-2-0-0\" class=\"so-panel widget widget_sow-image panel-first-child panel-last-child\" data-index=\"6\" ><div\n\t\t\t\n\t\t\tclass=\"so-widget-sow-image so-widget-sow-image-default-d6014b76747a-24\"\n\t\t\t\n\t\t>\n\n<div class=\"sow-image-container\">\n\t\t<img decoding=\"async\" src=\"https:\/\/layouts.siteorigin.com\/wp-content\/uploads\/2015\/08\/hat-15263_1280.jpg#1280x853\" width=\"1280\" height=\"853\" title=\"Vide Appartement\" alt=\"\" loading=\"lazy\" \t\tclass=\"so-widget-image\"\/>\n\t<\/div>\n\n<\/div><\/div><\/div><div id=\"pgc-24-2-1\"  class=\"panel-grid-cell\" ><div id=\"panel-24-2-1-0\" class=\"so-panel widget widget_sow-editor panel-first-child panel-last-child\" data-index=\"7\" ><div\n\t\t\t\n\t\t\tclass=\"so-widget-sow-editor so-widget-sow-editor-base\"\n\t\t\t\n\t\t>\n<div class=\"siteorigin-widget-tinymce textwidget\">\n\t<h1><span style=\"color: #000000;\">Notre Engagement<\/span><\/h1>\n<span style=\"color: #333333;\">Sos Tout D\u00e9barras intervient rapidement sur toute la r\u00e9gion parisienne \u00e0 tout moment\n(journ\u00e9e, 24 h ou plus).<\/span>\n<span style=\"color: #333333;\">Sos Tout D\u00e9barras tous les documents en toute confidentialit\u00e9. Apr\u00e8s chaque intervention, un certificat de destruction vous est fourni.<\/span>\n<span style=\"color: #333333;\">Sos Tout D\u00e9barras se bat pour le recyclage, tout sera trier et transmis \u00e0 la bonne fili\u00e8re de recyclage.<\/span><\/div>\n<\/div><\/div><\/div><\/div><\/div><div id=\"pg-24-3\"  class=\"panel-grid panel-has-style\" ><div class=\"siteorigin-panels-stretch panel-row-style panel-row-style-for-24-3\" data-stretch-type=\"full\" ><div id=\"pgc-24-3-0\"  class=\"panel-grid-cell\" ><div id=\"panel-24-3-0-0\" class=\"so-panel widget widget_sow-editor panel-first-child\" data-index=\"8\" ><div\n\t\t\t\n\t\t\tclass=\"so-widget-sow-editor so-widget-sow-editor-base\"\n\t\t\t\n\t\t>\n<div class=\"siteorigin-widget-tinymce textwidget\">\n\t<h1><span style=\"color: #ffffff;\">Comment ca fonctionne ?<\/span><\/h1>\n<span style=\"color: #ffffff;\">Nous d\u00e9barrassons vos :\n\u2013 Encombrants\n\u2013 Mobiliers usag\u00e9s\n\u2013 Mat\u00e9riel \u00e9lectrom\u00e9nager\/\u00e9lectronique obsol\u00e8te\n\u2013 D\u00e9chets divers.<\/span>\n<h1><span style=\"color: #ffffff;\">Notre Intervention est Gratuite<\/span><\/h1>\n<span style=\"color: #ffffff;\">Si dans ce que vous souhaitez nous faire \u00e9vacuer, se trouve du mobilier ou tout autre \u00e9l\u00e9ment pouvant avoir une valeurs commerciale couvrant nos frais d'intervention.<\/span>\n<\/div>\n<\/div><\/div><div id=\"panel-24-3-0-1\" class=\"so-panel widget widget_sow-button panel-last-child\" data-index=\"9\" ><div\n\t\t\t\n\t\t\tclass=\"so-widget-sow-button so-widget-sow-button-wire-9a17d38bd475-24\"\n\t\t\t\n\t\t><div class=\"ow-button-base ow-button-align-left\">\n\t<a href=\"https:\/\/sos-tout-debarras.fr\/index.php\/contact\/\" class=\"ow-icon-placement-left ow-button-hover\" \t\t>\n\t\t<span>\n\t\t\t\n\t\t\tDemandez un devis\t\t<\/span>\n\t<\/a>\n<\/div>\n<\/div><\/div><\/div><div id=\"pgc-24-3-1\"  class=\"panel-grid-cell\" ><div id=\"panel-24-3-1-0\" class=\"so-panel widget widget_sow-google-map panel-first-child panel-last-child\" data-index=\"10\" ><div\n\t\t\t\n\t\t\tclass=\"so-widget-sow-google-map so-widget-sow-google-map-default-6b23895f316e-24\"\n\t\t\t\n\t\t>\n<div class=\"sow-google-map-canvas\"\n\tstyle=\"\"\n\tid=\"map-canvas-a265fa4ee20ac39e8474a14c4ef49e97\"\n\tdata-options=\"{&quot;address&quot;:&quot;&quot;,&quot;zoom&quot;:12,&quot;mobileZoom&quot;:12,&quot;gestureHandling&quot;:&quot;greedy&quot;,&quot;disableUi&quot;:false,&quot;keepCentered&quot;:false,&quot;markerIcon&quot;:&quot;&quot;,&quot;markersDraggable&quot;:false,&quot;markerAtCenter&quot;:true,&quot;markerInfoDisplay&quot;:&quot;click&quot;,&quot;markerInfoMultiple&quot;:true,&quot;markerPositions&quot;:&quot;&quot;,&quot;mapName&quot;:&quot;&quot;,&quot;mapStyles&quot;:&quot;&quot;,&quot;directions&quot;:&quot;&quot;,&quot;apiKey&quot;:&quot;AIzaSyB0u4q_-6iEzP2OEvWqUG24Nr6v8DmowzU&quot;,&quot;breakpoint&quot;:780}\"\n\tdata-fallback-image=\"{&quot;img&quot;:&quot;&quot;}\"><\/div>\n<\/div><\/div><\/div><\/div><\/div><div id=\"pg-24-4\"  class=\"panel-grid panel-has-style\" ><div class=\"siteorigin-panels-stretch panel-row-style panel-row-style-for-24-4\" data-stretch-type=\"full\" ><div id=\"pgc-24-4-0\"  class=\"panel-grid-cell\" ><div id=\"panel-24-4-0-0\" class=\"so-panel widget widget_sow-social-media-buttons panel-first-child panel-last-child\" data-index=\"11\" ><div\n\t\t\t\n\t\t\tclass=\"so-widget-sow-social-media-buttons so-widget-sow-social-media-buttons-wire-a17004258512-24\"\n\t\t\t\n\t\t>\n\n<div class=\"social-media-button-container\">\n\t\n\t\t<a class=\"ow-button-hover sow-social-media-button-facebook-0 sow-social-media-button\" title=\"SOS TOUT DEBARRAS sur Facebook\" aria-label=\"SOS TOUT DEBARRAS sur Facebook\" target=\"_blank\" rel=\"noopener noreferrer\" href=\"https:\/\/www.facebook.com\/\" >\n\t\t\t<span>\n\t\t\t\t\t\t\t\t<span class=\"sow-icon-fontawesome sow-fab\" data-sow-icon=\"&#xf39e;\"\n\t\t \n\t\taria-hidden=\"true\"><\/span>\t\t\t\t\t\t\t<\/span>\n\t\t<\/a>\n\t\n\t\t<a class=\"ow-button-hover sow-social-media-button-twitter-0 sow-social-media-button\" title=\"SOS TOUT DEBARRAS sur Twitter\" aria-label=\"SOS TOUT DEBARRAS sur Twitter\" target=\"_blank\" rel=\"noopener noreferrer\" href=\"https:\/\/twitter.com\/\" >\n\t\t\t<span>\n\t\t\t\t\t\t\t\t<span class=\"sow-icon-fontawesome sow-fab\" data-sow-icon=\"&#xf099;\"\n\t\t \n\t\taria-hidden=\"true\"><\/span>\t\t\t\t\t\t\t<\/span>\n\t\t<\/a>\n\t\n\t\t<a class=\"ow-button-hover sow-social-media-button-pinterest-0 sow-social-media-button\" title=\"SOS TOUT DEBARRAS sur Pinterest\" aria-label=\"SOS TOUT DEBARRAS sur Pinterest\" target=\"_blank\" rel=\"noopener noreferrer\" href=\"https:\/\/www.pinterest.com\/\" >\n\t\t\t<span>\n\t\t\t\t\t\t\t\t<span class=\"sow-icon-fontawesome sow-fab\" data-sow-icon=\"&#xf0d2;\"\n\t\t \n\t\taria-hidden=\"true\"><\/span>\t\t\t\t\t\t\t<\/span>\n\t\t<\/a>\n\t<\/div>\n<\/div><\/div><\/div><\/div><\/div><\/div>","protected":false},"excerpt":{"rendered":"<p>Un appartement, un Studio ou un Loft \u00e0 d\u00e9sencombr\u00e9 ? Vous venez d&rsquo;acheter, de louer ou de vendre un appartement ? Vous devez le vider avant une vente, ou pour faire des travaux ? Vous souhaiter vous d\u00e9barrasser de vos anciens meuble avant de refaire la d\u00e9coration ? Notre M\u00e9tier Nous d\u00e9barrassons vos : \u2013 [&hellip;]<\/p>\n","protected":false},"author":1,"featured_media":0,"parent":0,"menu_order":0,"comment_status":"closed","ping_status":"closed","template":"templates\/template-page-full-width.php","meta":{"footnotes":""},"class_list":["post-24","page","type-page","status-publish","hentry"],"_links":{"self":[{"href":"https:\/\/sos-tout-debarras.fr\/index.php\/wp-json\/wp\/v2\/pages\/24","targetHints":{"allow":["GET"]}}],"collection":[{"href":"https:\/\/sos-tout-debarras.fr\/index.php\/wp-json\/wp\/v2\/pages"}],"about":[{"href":"https:\/\/sos-tout-debarras.fr\/index.php\/wp-json\/wp\/v2\/types\/page"}],"author":[{"embeddable":true,"href":"https:\/\/sos-tout-debarras.fr\/index.php\/wp-json\/wp\/v2\/users\/1"}],"replies":[{"embeddable":true,"href":"https:\/\/sos-tout-debarras.fr\/index.php\/wp-json\/wp\/v2\/comments?post=24"}],"version-history":[{"count":9,"href":"https:\/\/sos-tout-debarras.fr\/index.php\/wp-json\/wp\/v2\/pages\/24\/revisions"}],"predecessor-version":[{"id":150,"href":"https:\/\/sos-tout-debarras.fr\/index.php\/wp-json\/wp\/v2\/pages\/24\/revisions\/150"}],"wp:attachment":[{"href":"https:\/\/sos-tout-debarras.fr\/index.php\/wp-json\/wp\/v2\/media?parent=24"}],"curies":[{"name":"wp","href":"https:\/\/api.w.org\/{rel}","templated":true}]}}